{"id":75,"date":"2021-12-17T19:07:00","date_gmt":"2021-12-17T19:07:00","guid":{"rendered":"http:\/\/apartdahoam.at\/?page_id=2"},"modified":"2025-12-09T11:40:33","modified_gmt":"2025-12-09T09:40:33","slug":"buchen","status":"publish","type":"page","link":"https:\/\/apartdahoam.at\/?page_id=75","title":{"rendered":"Verf\u00fcgbarkeiten\/Buchen"},"content":{"rendered":"\n<h2 class=\"wp-block-heading\">Hier k\u00f6nnen Sie sofort buchen<\/h2>\n\n\n\n<p>*Preise inklusive \u00dcbernachtung, Bettw\u00e4sche &amp; Endreinigung und Ortstaxe, ohne Verpflegung. Kaution 200\u20ac, diese wird bei schadfreier \u00dcbergabe sp\u00e4testens 5 Tage nach Abreise zur\u00fcck\u00fcberwiesen.<\/p>\n\n\n\n<p class=\"has-text-align-left\">Maximale Belegung: <br> &#8211; Apart Dahoam EG: 8 Personen (ohne Babys), davon max. 6 Erwachsene, 5 Kinder. 2 Babys.<br>    2 Doppelbetten, Etagenbett mit 3 Einzelbetten, Schlafsofa, 2 Baby Reisebetten.<br><br> &#8211; Deluxe Apart Laura: 10 Personen (ohne Babys), davon max. 10 Erwachsene, 8 Kinder. 2 Babys.<br>    3 Doppelbetten, 3 Einzelbetten, Schlafsofa, 2 Baby Reisebetten.<br><br> &#8211; Penthouse Mountainview: 9 Personen (ohne Babys), davon max. 9 Erwachsene, 7 Kinder. 2 Babys.<br>    3 Doppelbetten, 1 Etagenbett, Schlafsofa, 2 Baby Reisebetten.<\/p>\n\n\n\n<p class=\"has-text-align-left\"><\/p>\n\n\n\n<p>Kontaktieren Sie uns per <a href=\"mailto:info@apartdahoam.com\">E-mail<\/a> oder <a href=\"https:\/\/wa.me\/436606845975\">Whatsapp <\/a>sollte es Probleme bei der Buchung geben.<\/p>\n\n\n\n<p class=\"has-medium-font-size\"><\/p>\n\n\n\n<p><strong>Bitte geben Sie hier den gew\u00fcnschten Zeitraum und die Personenanzahl ein und klicken danach auf &#8222;Suche&#8220; und &#8222;Jetzt buchen!&#8220;.<\/strong><\/p>\n\n\n\n<div id=\"apartmentIframeAll\">\n<script type=\"text\/javascript\" src=\"https:\/\/login.smoobu.com\/js\/Settings\/BookingToolIframe.js\"><\/script>\n<script>BookingToolIframe.initialize({\"url\": \"https:\/\/login.smoobu.com\/de\/booking-tool\/iframe\/296797\", \"baseUrl\": \"https:\/\/login.smoobu.com\", \"target\": \"#apartmentIframeAll\"})<\/script>\n<\/div>\n\n\n\n<p><\/p>\n\n\n\n<div class=\"wp-block-columns is-layout-flex wp-container-core-columns-is-layout-9d6595d7 wp-block-columns-is-layout-flex\">\n<div class=\"wp-block-column is-layout-flow wp-block-column-is-layout-flow\"><\/div>\n<\/div>\n\n\n\n<p><\/p>\n\n\n\n<p><\/p>\n","protected":false},"excerpt":{"rendered":"<p>Hier k\u00f6nnen Sie sofort buchen *Preise inklusive \u00dcbernachtung, Bettw\u00e4sche &amp; Endreinigung und Ortstaxe, ohne Verpflegung. Kaution 200\u20ac, diese wird bei schadfreier \u00dcbergabe sp\u00e4testens 5 Tage nach Abreise zur\u00fcck\u00fcberwiesen. Maximale Belegung: &#8211; Apart Dahoam EG: 8 Personen (ohne Babys), davon max. 6 Erwachsene, 5 Kinder. 2 Babys. 2 Doppelbetten, Etagenbett mit 3 Einzelbetten, Schlafsofa, 2 Baby Reisebetten. &#8211; Deluxe Apart Laura: 10 Personen (ohne Babys), davon max. 10 Erwachsene, 8 Kinder. 2 Babys. 3 Doppelbetten, 3 Einzelbetten, Schlafsofa, 2 Baby Reisebetten. &#8211; Penthouse Mountainview: 9 Personen (ohne Babys), davon max. 9 Erwachsene, 7 Kinder. 2 Babys. 3 Doppelbetten, 1 Etagenbett, Schlafsofa, 2 Baby Reisebetten. Kontaktieren Sie uns per E-mail oder Whatsapp sollte es Probleme bei der Buchung geben. Bitte geben Sie hier den gew\u00fcnschten Zeitraum und die Personenanzahl ein und klicken danach auf &#8222;Suche&#8220; und &#8222;Jetzt buchen!&#8220;.<\/p>\n","protected":false},"author":1,"featured_media":0,"parent":0,"menu_order":0,"comment_status":"closed","ping_status":"closed","template":"","meta":{"footnotes":""},"class_list":["post-75","page","type-page","status-publish","hentry"],"_links":{"self":[{"href":"https:\/\/apartdahoam.at\/index.php?rest_route=\/wp\/v2\/pages\/75","targetHints":{"allow":["GET"]}}],"collection":[{"href":"https:\/\/apartdahoam.at\/index.php?rest_route=\/wp\/v2\/pages"}],"about":[{"href":"https:\/\/apartdahoam.at\/index.php?rest_route=\/wp\/v2\/types\/page"}],"author":[{"embeddable":true,"href":"https:\/\/apartdahoam.at\/index.php?rest_route=\/wp\/v2\/users\/1"}],"replies":[{"embeddable":true,"href":"https:\/\/apartdahoam.at\/index.php?rest_route=%2Fwp%2Fv2%2Fcomments&post=75"}],"version-history":[{"count":22,"href":"https:\/\/apartdahoam.at\/index.php?rest_route=\/wp\/v2\/pages\/75\/revisions"}],"predecessor-version":[{"id":949,"href":"https:\/\/apartdahoam.at\/index.php?rest_route=\/wp\/v2\/pages\/75\/revisions\/949"}],"wp:attachment":[{"href":"https:\/\/apartdahoam.at\/index.php?rest_route=%2Fwp%2Fv2%2Fmedia&parent=75"}],"curies":[{"name":"wp","href":"https:\/\/api.w.org\/{rel}","templated":true}]}}