{"id":577,"date":"2023-10-19T11:45:17","date_gmt":"2023-10-19T09:45:17","guid":{"rendered":"https:\/\/apartdahoam.at\/?page_id=577"},"modified":"2023-10-19T15:44:55","modified_gmt":"2023-10-19T13:44:55","slug":"praemierte-qualitaet","status":"publish","type":"page","link":"https:\/\/apartdahoam.at\/?page_id=577","title":{"rendered":"Pr\u00e4mierte Qualit\u00e4t"},"content":{"rendered":"\t\t<div data-elementor-type=\"wp-page\" data-elementor-id=\"577\" class=\"elementor elementor-577\">\n\t\t\t\t<div class=\"elementor-element elementor-element-464a5e3a e-con-full e-flex e-con e-parent\" data-id=\"464a5e3a\" data-element_type=\"container\" data-e-type=\"container\">\n\t\t\t\t<div class=\"elementor-element elementor-element-b321e26 elementor-widget elementor-widget-heading\" data-id=\"b321e26\" data-element_type=\"widget\" data-e-type=\"widget\" data-widget_type=\"heading.default\">\n\t\t\t\t<div class=\"elementor-widget-container\">\n\t\t\t\t\t<h2 class=\"elementor-heading-title elementor-size-medium\">Wir bieten Qualit\u00e4t zum Wohlf\u00fchlen!<\/h2>\t\t\t\t<\/div>\n\t\t\t\t<\/div>\n\t\t\t\t<div class=\"elementor-element elementor-element-62c54098 elementor-widget elementor-widget-text-editor\" data-id=\"62c54098\" data-element_type=\"widget\" data-e-type=\"widget\" data-widget_type=\"text-editor.default\">\n\t\t\t\t<div class=\"elementor-widget-container\">\n\t\t\t\t\t\t\t\t\t<p>Was die Sterne f\u00fcr die Hotellerie sind, sind die Edelwei\u00df f\u00fcr die Privatvermieter Tirols. Das G\u00fctesiegel \u201eEdelwei\u00df\u201c erhalten Mitgliedsbetriebe des Privatvermieter Verbandes Tirol nach einer sorgf\u00e4ltigen Qualit\u00e4tskontrolle. Nur wer die strengen Standards erf\u00fcllt, wird mit Edelwei\u00df ausgezeichnet. Die Kriterien werden alle f\u00fcnf Jahre erneut \u00fcberpr\u00fcft. Wir sind stolz, nach einer eingehenden \u00dcberpr\u00fcfung mit 4 Edelwei\u00df ausgezeichnet worden zu sein!<\/p>\t\t\t\t\t\t\t\t<\/div>\n\t\t\t\t<\/div>\n\t\t\t\t<\/div>\n\t\t<div class=\"elementor-element elementor-element-635cf2b e-con-full e-flex e-con e-parent\" data-id=\"635cf2b\" data-element_type=\"container\" data-e-type=\"container\">\n\t\t\t\t<div class=\"elementor-element elementor-element-c1189ae elementor-widget elementor-widget-testimonial\" data-id=\"c1189ae\" data-element_type=\"widget\" data-e-type=\"widget\" data-widget_type=\"testimonial.default\">\n\t\t\t\t<div class=\"elementor-widget-container\">\n\t\t\t\t\t\t\t<div class=\"elementor-testimonial-wrapper\">\n\t\t\t\t\t\t\t<div class=\"elementor-testimonial-content\"><p style=\"margin-bottom: 0.0001pt;line-height: normal;background-image: initial;background-position: initial;background-size: initial;background-repeat: initial;background-attachment: initial\"><span style=\"font-size:11.5pt\">\"4 Edelwei\u00df: die Auszeichnung f\u00fcr erstklassige Betriebe (online buchbar) mit einer sehr komfortablen, <\/span><span style=\"font-size: 11.5pt;color: var( --e-global-color-text );font-weight: var( --e-global-typography-text-font-weight );letter-spacing: 0px\">geschmackvollen <\/span><span style=\"font-size: 11.5pt;color: var( --e-global-color-text );font-weight: var( --e-global-typography-text-font-weight );letter-spacing: 0px\">TOP-Ausstattung, hell, freundlich, harmonisch und mit besonderem <\/span><span style=\"font-size: 11.5pt;color: var( --e-global-color-text );font-weight: var( --e-global-typography-text-font-weight );letter-spacing: 0px\">Flair f\u00fcr <\/span><span style=\"font-size: 11.5pt;color: var( --e-global-color-text );font-weight: var( --e-global-typography-text-font-weight );letter-spacing: 0px\">gehobene Wohnanspr\u00fcche. Qualitativ hochwertige M\u00f6bel und Bodenbel\u00e4ge in <\/span><span style=\"color: var( --e-global-color-text );font-weight: var( --e-global-typography-text-font-weight );letter-spacing: 0px;font-size: 11.5pt\">neuwertigem, einwandfreiem und makellosem Zustand.<\/span><span style=\"color: var( --e-global-color-text );font-weight: var( --e-global-typography-text-font-weight );letter-spacing: 0px;font-size: 11.5pt\">\"<\/span><\/p><\/div>\n\t\t\t\n\t\t\t\t\t\t<div class=\"elementor-testimonial-meta elementor-has-image elementor-testimonial-image-position-aside\">\n\t\t\t\t<div class=\"elementor-testimonial-meta-inner\">\n\t\t\t\t\t\t\t\t\t\t\t<div class=\"elementor-testimonial-image\">\n\t\t\t\t\t\t\t<a href=\"https:\/\/www.alpine-gastgeber.at\/de\/\"><img decoding=\"async\" width=\"150\" height=\"150\" src=\"https:\/\/apartdahoam.at\/wp-content\/uploads\/2023\/10\/308794656_504381745030390_9014546785079072490_n-150x150.jpg\" class=\"attachment-thumbnail size-thumbnail wp-image-589\" alt=\"\" srcset=\"https:\/\/apartdahoam.at\/wp-content\/uploads\/2023\/10\/308794656_504381745030390_9014546785079072490_n-150x150.jpg 150w, https:\/\/apartdahoam.at\/wp-content\/uploads\/2023\/10\/308794656_504381745030390_9014546785079072490_n-300x300.jpg 300w, https:\/\/apartdahoam.at\/wp-content\/uploads\/2023\/10\/308794656_504381745030390_9014546785079072490_n-1024x1024.jpg 1024w, https:\/\/apartdahoam.at\/wp-content\/uploads\/2023\/10\/308794656_504381745030390_9014546785079072490_n-768x768.jpg 768w, https:\/\/apartdahoam.at\/wp-content\/uploads\/2023\/10\/308794656_504381745030390_9014546785079072490_n-1536x1536.jpg 1536w, https:\/\/apartdahoam.at\/wp-content\/uploads\/2023\/10\/308794656_504381745030390_9014546785079072490_n-1140x1140.jpg 1140w, https:\/\/apartdahoam.at\/wp-content\/uploads\/2023\/10\/308794656_504381745030390_9014546785079072490_n-75x75.jpg 75w, https:\/\/apartdahoam.at\/wp-content\/uploads\/2023\/10\/308794656_504381745030390_9014546785079072490_n.jpg 2048w\" sizes=\"(max-width: 150px) 100vw, 150px\" \/><\/a>\t\t\t\t\t\t<\/div>\n\t\t\t\t\t\n\t\t\t\t\t\t\t\t\t\t<div class=\"elementor-testimonial-details\">\n\t\t\t\t\t\t\t\t\t\t\t\t\t\t<a class=\"elementor-testimonial-name\" href=\"https:\/\/www.alpine-gastgeber.at\/de\/\">Alpine Gastgeber<\/a>\n\t\t\t\t\t\t\t\t\t\t\t\t\t\t\t\t\t\t\t\t\t\t<a class=\"elementor-testimonial-job\" href=\"https:\/\/www.alpine-gastgeber.at\/de\/\">Tiroler Privatvermieterveband<\/a>\n\t\t\t\t\t\t\t\t\t\t\t\t\t<\/div>\n\t\t\t\t\t\t\t\t\t<\/div>\n\t\t\t<\/div>\n\t\t\t\t\t<\/div>\n\t\t\t\t\t\t<\/div>\n\t\t\t\t<\/div>\n\t\t\t\t<\/div>\n\t\t<div class=\"elementor-element elementor-element-0a1f4c9 e-flex e-con-boxed e-con e-parent\" data-id=\"0a1f4c9\" data-element_type=\"container\" data-e-type=\"container\">\n\t\t\t\t\t<div class=\"e-con-inner\">\n\t\t\t\t<div class=\"elementor-element elementor-element-dd69896 elementor-widget elementor-widget-image\" data-id=\"dd69896\" data-element_type=\"widget\" data-e-type=\"widget\" data-widget_type=\"image.default\">\n\t\t\t\t<div class=\"elementor-widget-container\">\n\t\t\t\t\t\t\t\t\t\t\t\t<figure class=\"wp-caption\">\n\t\t\t\t\t\t\t\t\t\t<img fetchpriority=\"high\" decoding=\"async\" width=\"960\" height=\"721\" src=\"https:\/\/apartdahoam.at\/wp-content\/uploads\/2023\/10\/621f0bc8-32b4-4ed0-ad74-a86c58b9e2bb-1024x769.jpg\" class=\"attachment-large size-large wp-image-582\" alt=\"\" srcset=\"https:\/\/apartdahoam.at\/wp-content\/uploads\/2023\/10\/621f0bc8-32b4-4ed0-ad74-a86c58b9e2bb-1024x769.jpg 1024w, https:\/\/apartdahoam.at\/wp-content\/uploads\/2023\/10\/621f0bc8-32b4-4ed0-ad74-a86c58b9e2bb-300x225.jpg 300w, https:\/\/apartdahoam.at\/wp-content\/uploads\/2023\/10\/621f0bc8-32b4-4ed0-ad74-a86c58b9e2bb-768x576.jpg 768w, https:\/\/apartdahoam.at\/wp-content\/uploads\/2023\/10\/621f0bc8-32b4-4ed0-ad74-a86c58b9e2bb-1536x1153.jpg 1536w, https:\/\/apartdahoam.at\/wp-content\/uploads\/2023\/10\/621f0bc8-32b4-4ed0-ad74-a86c58b9e2bb-1140x856.jpg 1140w, https:\/\/apartdahoam.at\/wp-content\/uploads\/2023\/10\/621f0bc8-32b4-4ed0-ad74-a86c58b9e2bb.jpg 2048w\" sizes=\"(max-width: 960px) 100vw, 960px\" \/>\t\t\t\t\t\t\t\t\t\t\t<figcaption class=\"widget-image-caption wp-caption-text\">Andeas bei der Pr\u00e4mierung<\/figcaption>\n\t\t\t\t\t\t\t\t\t\t<\/figure>\n\t\t\t\t\t\t\t\t\t<\/div>\n\t\t\t\t<\/div>\n\t\t\t\t<div class=\"elementor-element elementor-element-0ec6987 elementor-widget elementor-widget-image\" data-id=\"0ec6987\" data-element_type=\"widget\" data-e-type=\"widget\" data-widget_type=\"image.default\">\n\t\t\t\t<div class=\"elementor-widget-container\">\n\t\t\t\t\t\t\t\t\t\t\t\t<figure class=\"wp-caption\">\n\t\t\t\t\t\t\t\t\t\t<img decoding=\"async\" width=\"520\" height=\"640\" src=\"https:\/\/apartdahoam.at\/wp-content\/uploads\/2023\/10\/Alpine-Gastgeber_Edelweis-Badge_4-1.png\" class=\"attachment-large size-large wp-image-581\" alt=\"\" srcset=\"https:\/\/apartdahoam.at\/wp-content\/uploads\/2023\/10\/Alpine-Gastgeber_Edelweis-Badge_4-1.png 520w, https:\/\/apartdahoam.at\/wp-content\/uploads\/2023\/10\/Alpine-Gastgeber_Edelweis-Badge_4-1-244x300.png 244w\" sizes=\"(max-width: 520px) 100vw, 520px\" \/>\t\t\t\t\t\t\t\t\t\t\t<figcaption class=\"widget-image-caption wp-caption-text\">Apart Dahoam - ausgezeichnet mit 4 Edelwei\u00df<\/figcaption>\n\t\t\t\t\t\t\t\t\t\t<\/figure>\n\t\t\t\t\t\t\t\t\t<\/div>\n\t\t\t\t<\/div>\n\t\t\t\t\t<\/div>\n\t\t\t\t<\/div>\n\t\t<div class=\"elementor-element elementor-element-281547a e-flex e-con-boxed e-con e-parent\" data-id=\"281547a\" data-element_type=\"container\" data-e-type=\"container\">\n\t\t\t\t\t<div class=\"e-con-inner\">\n\t\t\t\t\t<\/div>\n\t\t\t\t<\/div>\n\t\t\t\t<\/div>\n\t\t","protected":false},"excerpt":{"rendered":"<p>Wir bieten Qualit\u00e4t zum Wohlf\u00fchlen! Was die Sterne f\u00fcr die Hotellerie sind, sind die Edelwei\u00df f\u00fcr die Privatvermieter Tirols. Das G\u00fctesiegel \u201eEdelwei\u00df\u201c erhalten Mitgliedsbetriebe des Privatvermieter Verbandes Tirol nach einer sorgf\u00e4ltigen Qualit\u00e4tskontrolle. Nur wer die strengen Standards erf\u00fcllt, wird mit Edelwei\u00df ausgezeichnet. Die Kriterien werden alle f\u00fcnf Jahre erneut \u00fcberpr\u00fcft. Wir sind stolz, nach einer eingehenden \u00dcberpr\u00fcfung mit 4 Edelwei\u00df ausgezeichnet worden zu sein! &#8222;4 Edelwei\u00df: die Auszeichnung f\u00fcr erstklassige Betriebe (online buchbar) mit einer sehr komfortablen, geschmackvollen TOP-Ausstattung, hell, freundlich, harmonisch und mit besonderem Flair f\u00fcr gehobene Wohnanspr\u00fcche. Qualitativ hochwertige M\u00f6bel und Bodenbel\u00e4ge in neuwertigem, einwandfreiem und makellosem Zustand.&#8220; Alpine Gastgeber Tiroler Privatvermieterveband Andeas bei der Pr\u00e4mierung Apart Dahoam &#8211; ausgezeichnet mit 4 Edelwei\u00df<\/p>\n","protected":false},"author":1,"featured_media":0,"parent":0,"menu_order":0,"comment_status":"closed","ping_status":"closed","template":"","meta":{"footnotes":""},"class_list":["post-577","page","type-page","status-publish","hentry"],"_links":{"self":[{"href":"https:\/\/apartdahoam.at\/index.php?rest_route=\/wp\/v2\/pages\/577","targetHints":{"allow":["GET"]}}],"collection":[{"href":"https:\/\/apartdahoam.at\/index.php?rest_route=\/wp\/v2\/pages"}],"about":[{"href":"https:\/\/apartdahoam.at\/index.php?rest_route=\/wp\/v2\/types\/page"}],"author":[{"embeddable":true,"href":"https:\/\/apartdahoam.at\/index.php?rest_route=\/wp\/v2\/users\/1"}],"replies":[{"embeddable":true,"href":"https:\/\/apartdahoam.at\/index.php?rest_route=%2Fwp%2Fv2%2Fcomments&post=577"}],"version-history":[{"count":16,"href":"https:\/\/apartdahoam.at\/index.php?rest_route=\/wp\/v2\/pages\/577\/revisions"}],"predecessor-version":[{"id":613,"href":"https:\/\/apartdahoam.at\/index.php?rest_route=\/wp\/v2\/pages\/577\/revisions\/613"}],"wp:attachment":[{"href":"https:\/\/apartdahoam.at\/index.php?rest_route=%2Fwp%2Fv2%2Fmedia&parent=577"}],"curies":[{"name":"wp","href":"https:\/\/api.w.org\/{rel}","templated":true}]}}