{"id":17,"date":"2021-12-18T06:15:20","date_gmt":"2021-12-18T06:15:20","guid":{"rendered":"http:\/\/apartdahoam.at\/?page_id=17"},"modified":"2025-12-02T10:35:24","modified_gmt":"2025-12-02T08:35:24","slug":"test","status":"publish","type":"page","link":"https:\/\/apartdahoam.at\/","title":{"rendered":"Willkommen im Apart Dahoam!"},"content":{"rendered":"\n<h2 class=\"wp-block-heading\">Willkommen!<\/h2>\n\n\n\n<p><\/p>\n\n\n\n<ul class=\"wp-block-list\">\n<li>unsere ger\u00e4umigen Unterk\u00fcnfte mit 110-120 qm liegen nur wenige Autominuten entfernt von:\n<ul class=\"wp-block-list\">\n<li>dem Achensee\n<ul class=\"wp-block-list\">\n<li>Highlights: Wandergebiet Karwendelt\u00e4ler, Rofan- und Karwendelbahn, Therme Atoll Maurach<\/li>\n<\/ul>\n<\/li>\n\n\n\n<li>dem Zillertal\n<ul class=\"wp-block-list\">\n<li>Highlights: Familienberg Spieljoch, Fichtenschloss Zell, Schlegeisstausee, Hintertuxer Gletscher<\/li>\n<\/ul>\n<\/li>\n\n\n\n<li>dem Alpbachtal\n<ul class=\"wp-block-list\">\n<li>Ski und Wandergebiet Skijuwel Alpbachtal Wildsch\u00f6nau, Lauser Sauser Sommerrodelbahn<\/li>\n<\/ul>\n<\/li>\n\n\n\n<li>den Reintaler Seen<\/li>\n\n\n\n<li>der Silberstadt Schwaz<\/li>\n\n\n\n<li>der Glasstadt Rattenberg<\/li>\n\n\n\n<li>Wattens mit den Swarovski Kristallwelten<\/li>\n\n\n\n<li>der Landeshauptstadt Innsbruck und der Festungsstadt Kufstein<\/li>\n<\/ul>\n<\/li>\n<\/ul>\n\n\n\n<p>Bez\u00fcglich Buchungsanfragen oder sonstigen Informationen k\u00f6nnen Sie uns auch gerne telefonisch unter <strong><a href=\"tel:00436606845975\">+43 (0) 660 684 5975<\/a> <\/strong>, per <a href=\"https:\/\/api.whatsapp.com\/send?phone=+436606845975\" data-type=\"URL\" data-id=\"https:\/\/api.whatsapp.com\/send?phone=+436606845975\">Whatsapp <\/a>oder per E-mail an <a href=\"mailto:info@apartdahoam.com\">info@apartdahoam.com<\/a> kontaktieren.<\/p>\n\n\n\n<div class=\"wp-block-columns is-layout-flex wp-container-core-columns-is-layout-9d6595d7 wp-block-columns-is-layout-flex\">\n<div class=\"wp-block-column is-layout-flow wp-block-column-is-layout-flow\">\n<div class=\"wp-block-columns is-layout-flex wp-container-core-columns-is-layout-9d6595d7 wp-block-columns-is-layout-flex\">\n<div class=\"wp-block-column is-layout-flow wp-block-column-is-layout-flow\"><\/div>\n\n\n\n<div class=\"wp-block-column is-layout-flow wp-block-column-is-layout-flow\"><\/div>\n<\/div>\n\n\n\n<p><\/p>\n\n\n\n<p>Neu seit 06\/2024: <\/p>\n\n\n\n<p>Ladem\u00f6glichkeit\/Wallbox f\u00fcr E-Auto vorhanden!<\/p>\n<\/div>\n\n\n\n<div class=\"wp-block-column is-layout-flow wp-block-column-is-layout-flow\">\n<figure class=\"wp-block-image size-large is-resized\"><img fetchpriority=\"high\" decoding=\"async\" width=\"768\" height=\"1024\" src=\"https:\/\/apartdahoam.at\/wp-content\/uploads\/2024\/06\/PXL_20240619_061702188-768x1024.jpg\" alt=\"\" class=\"wp-image-787\" style=\"width:250px\" srcset=\"https:\/\/apartdahoam.at\/wp-content\/uploads\/2024\/06\/PXL_20240619_061702188-768x1024.jpg 768w, https:\/\/apartdahoam.at\/wp-content\/uploads\/2024\/06\/PXL_20240619_061702188-225x300.jpg 225w, https:\/\/apartdahoam.at\/wp-content\/uploads\/2024\/06\/PXL_20240619_061702188-1152x1536.jpg 1152w, https:\/\/apartdahoam.at\/wp-content\/uploads\/2024\/06\/PXL_20240619_061702188-1536x2048.jpg 1536w, https:\/\/apartdahoam.at\/wp-content\/uploads\/2024\/06\/PXL_20240619_061702188-1140x1520.jpg 1140w, https:\/\/apartdahoam.at\/wp-content\/uploads\/2024\/06\/PXL_20240619_061702188-scaled.jpg 1920w\" sizes=\"(max-width: 768px) 100vw, 768px\" \/><\/figure>\n<\/div>\n<\/div>\n\n\n\n<div class=\"wp-block-columns is-layout-flex wp-container-core-columns-is-layout-9d6595d7 wp-block-columns-is-layout-flex\">\n<div class=\"wp-block-column is-layout-flow wp-block-column-is-layout-flow\" style=\"flex-basis:600px\">\n<br class=\"\u201cclear\u201d\">\n<br class=\"\u201cclear\u201d\">\n\n\n\n<p>Unsere Ferienwohnung wurde mit 4 Edelwei\u00df pr\u00e4miert &#8211; <a href=\"https:\/\/apartdahoam.at\/?page_id=577\" data-type=\"link\" data-id=\"https:\/\/apartdahoam.at\/?page_id=577\">weiterlesen..<\/a>   <\/p>\n<\/div>\n\n\n\n<div class=\"wp-block-column is-layout-flow wp-block-column-is-layout-flow\">\n<figure class=\"wp-block-image size-full is-resized is-style-default\"><img decoding=\"async\" width=\"520\" height=\"640\" src=\"https:\/\/apartdahoam.at\/wp-content\/uploads\/2023\/10\/Alpine-Gastgeber_Edelweis-Badge_4.png\" alt=\"\" class=\"wp-image-576\" style=\"width:100px\" srcset=\"https:\/\/apartdahoam.at\/wp-content\/uploads\/2023\/10\/Alpine-Gastgeber_Edelweis-Badge_4.png 520w, https:\/\/apartdahoam.at\/wp-content\/uploads\/2023\/10\/Alpine-Gastgeber_Edelweis-Badge_4-244x300.png 244w\" sizes=\"(max-width: 520px) 100vw, 520px\" \/><\/figure>\n<\/div>\n<\/div>\n\n\n\n<p>Unser Apartment ist mit 9.8\/10 auf Booking.com bzw. 4,8\/5 auf Google bewertet &#8211; \u00fcberzeugen Sie sich selbst von unserer Qualit\u00e4t!<\/p>\n\n\n\n<br class=\"\u201cclear\u201d\">\n\n\n\n<p>Besuchen Sie uns auf <a data-type=\"URL\" data-id=\"https:\/\/www.facebook.com\/apartdahoam\" href=\"https:\/\/www.facebook.com\/apartdahoam\">Facebook<\/a>. <\/p>\n\n\n\n<p><\/p>\n","protected":false},"excerpt":{"rendered":"<p>Willkommen! Bez\u00fcglich Buchungsanfragen oder sonstigen Informationen k\u00f6nnen Sie uns auch gerne telefonisch unter +43 (0) 660 684 5975 , per Whatsapp oder per E-mail an info@apartdahoam.com kontaktieren. Neu seit 06\/2024: Ladem\u00f6glichkeit\/Wallbox f\u00fcr E-Auto vorhanden! Unsere Ferienwohnung wurde mit 4 Edelwei\u00df pr\u00e4miert &#8211; weiterlesen.. Unser Apartment ist mit 9.8\/10 auf Booking.com bzw. 4,8\/5 auf Google bewertet &#8211; \u00fcberzeugen Sie sich selbst von unserer Qualit\u00e4t! Besuchen Sie uns auf Facebook.<\/p>\n","protected":false},"author":1,"featured_media":0,"parent":0,"menu_order":0,"comment_status":"closed","ping_status":"closed","template":"","meta":{"footnotes":""},"class_list":["post-17","page","type-page","status-publish","hentry"],"_links":{"self":[{"href":"https:\/\/apartdahoam.at\/index.php?rest_route=\/wp\/v2\/pages\/17","targetHints":{"allow":["GET"]}}],"collection":[{"href":"https:\/\/apartdahoam.at\/index.php?rest_route=\/wp\/v2\/pages"}],"about":[{"href":"https:\/\/apartdahoam.at\/index.php?rest_route=\/wp\/v2\/types\/page"}],"author":[{"embeddable":true,"href":"https:\/\/apartdahoam.at\/index.php?rest_route=\/wp\/v2\/users\/1"}],"replies":[{"embeddable":true,"href":"https:\/\/apartdahoam.at\/index.php?rest_route=%2Fwp%2Fv2%2Fcomments&post=17"}],"version-history":[{"count":49,"href":"https:\/\/apartdahoam.at\/index.php?rest_route=\/wp\/v2\/pages\/17\/revisions"}],"predecessor-version":[{"id":873,"href":"https:\/\/apartdahoam.at\/index.php?rest_route=\/wp\/v2\/pages\/17\/revisions\/873"}],"wp:attachment":[{"href":"https:\/\/apartdahoam.at\/index.php?rest_route=%2Fwp%2Fv2%2Fmedia&parent=17"}],"curies":[{"name":"wp","href":"https:\/\/api.w.org\/{rel}","templated":true}]}}