{"id":166,"date":"2021-12-20T16:44:14","date_gmt":"2021-12-20T15:44:14","guid":{"rendered":"http:\/\/apartdahoam.at\/?page_id=166"},"modified":"2023-11-28T11:11:35","modified_gmt":"2023-11-28T09:11:35","slug":"agb","status":"publish","type":"page","link":"https:\/\/apartdahoam.at\/?page_id=166","title":{"rendered":"AGB"},"content":{"rendered":"\t\t<div data-elementor-type=\"wp-page\" data-elementor-id=\"166\" class=\"elementor elementor-166\">\n\t\t\t\t\t\t<section class=\"elementor-section elementor-top-section elementor-element elementor-element-459fc77f elementor-section-boxed elementor-section-height-default elementor-section-height-default\" data-id=\"459fc77f\" data-element_type=\"section\" data-e-type=\"section\">\n\t\t\t\t\t\t<div class=\"elementor-container elementor-column-gap-default\">\n\t\t\t\t\t<div class=\"elementor-column elementor-col-100 elementor-top-column elementor-element elementor-element-7278334d\" data-id=\"7278334d\" data-element_type=\"column\" data-e-type=\"column\">\n\t\t\t<div class=\"elementor-widget-wrap elementor-element-populated\">\n\t\t\t\t\t\t<div class=\"elementor-element elementor-element-19a229af elementor-widget elementor-widget-text-editor\" data-id=\"19a229af\" data-element_type=\"widget\" data-e-type=\"widget\" data-widget_type=\"text-editor.default\">\n\t\t\t\t<div class=\"elementor-widget-container\">\n\t\t\t\t\t\t\t\t\t<p><\/p>\n<h1 class=\"wp-block-heading\">Allgemeine Gesch\u00e4ftsbedingungen<\/h1>\n<p><\/p>\n<p><\/p>\n<h2 class=\"wp-block-heading\">AGB Apart Dahoam<\/h2>\n<p><\/p>\n<p><\/p>\n<h3 class=\"wp-block-heading\">Anwendungsbereich<\/h3>\n<p><\/p>\n<p><\/p>\n<p>Diese Allgemeinen Gesch\u00e4ftsbedingungen (im Folgenden AGB) gelten f\u00fcr Leistungen von Apart Dahoam gegen\u00fcber dem Gast.<\/p>\n<p><\/p>\n<p><\/p>\n<p>Die Leistungen bestehen insbesondere in der entgeltlichen Beherbergung, der Vermietung von R\u00e4umlichkeiten und f\u00fcr alle damit zusammenh\u00e4ngenden weiteren Leistungen des Apartments.<\/p>\n<p><\/p>\n<p><\/p>\n<p><\/p>\n<p>Apart Dahoam bezeichnet das Online-Angebot www.apartdahoam.com, vertreten durch Andreas und Christoph Schwarz, Dorf 2h, 6210 Wiesing.<\/p>\n<p><\/p>\n<p><\/p>\n<p>Die AGB gelten bei Vermietung der Apartments.<\/p>\n<p><\/p>\n<p><\/p>\n<p><\/p>\n<p>\u00a7.1 Der Gastaufnahmevertrag gilt als geschlossen, wenn die Apartments vom Gast bestellt und vom Vermieter best\u00e4tigt wurde. F\u00fcr die Best\u00e4tigung ist sowohl die schriftliche, als auch die kurzfristige m\u00fcndliche Form bindend. Der Gastaufnahmevertrag verpflichtet Gast und Vermieter zur Einhaltung und kommt nur zwischen Vermieter und Gast, sowie die ihn begleitenden Personen zustande. Eine nicht genehmigte Beherbergung fremder \u00dcbernachtungsg\u00e4ste wird mit dem 2-fachen \u00dcbernachtungsgrundpreis berechnet und f\u00fchrt zur sofortigen Beendigung des Mietverh\u00e4ltnisses.<\/p>\n<p><\/p>\n<p><\/p>\n<p><\/p>\n<p>\u00a7.2 Der Vermieter verpflichtet sich, dem Gast die Apartments in einwandfreier Beschaffenheit nach gesetzlichen Vorschriften oder markt\u00fcblichen Gepflogenheiten zur Verf\u00fcgung zu stellen. Er ist verpflichtet, dem Gast eine andere Unterkunft zu beschaffen oder Schadenersatz zu leisten, wenn er nicht in der Lage ist, das zugesagte Apartment trotz Best\u00e4tigung zur Verf\u00fcgung zu stellen.<\/p>\n<p><\/p>\n<p><\/p>\n<p><\/p>\n<p>\u00a7.3 Wenn der Gast vor dem Beginn des Aufenthaltes vom Vertrag zur\u00fccktritt oder sp\u00e4ter an- bzw. fr\u00fcher abreist als vereinbart, so ist er verpflichtet, dem Vermieter f\u00fcr die Tage, an denen er das reservierte Apartment nicht in Anspruch nimmt, den vereinbarten Mietpreis abz\u00fcglich der ersparten Eigenkosten zu zahlen. Die Zahlung wird sp\u00e4testens f\u00e4llig am Anreisetag der vereinbarten Mietzeit und ist im Voraus zu leisten.<\/p>\n<p><\/p>\n<p><\/p>\n<p><\/p>\n<p>\u00a7.4 Stornierung der Mietvereinbarung. Wir erlauben unseren G\u00e4sten eine Stornierung bis 30 Tage vor Beginn der Mietzeit kostenfrei.&nbsp; Bei kurzfristiger Stornierung unter 30 Tagen vor Anreise betr\u00e4gt die Stornogeb\u00fchr 100% des Mietpreises.<\/p>\n<p><\/p>\n<p><\/p>\n<ul class=\"wp-block-list\">\n<li>Stornierungen und \u00c4nderungen, die versp\u00e4tet erfolgen, sowie Nichtanreisen werden mit dem Gesamtbetrag berechnet.<\/li>\n<\/ul>\n<p><\/p>\n<p><\/p>\n<p>\u00a7.5 Der Anreisetag gilt als ein Miettag und wird als solcher berechnet. Es wird ein \u00dcbernachtungspreis vereinbart. Am Anreisetag steht dem Gast die bestellte Ferienwohnung ab 15 Uhr zur Verf\u00fcgung. Am Abreisetag muss der Gast die Ferienwohnung bis 10 Uhr verlassen, um dem Vermieter Gelegenheit zu geben, diese f\u00fcr den nachfolgenden Gast wieder herzurichten.<\/p>\n<p><\/p>\n<p><\/p>\n<p><\/p>\n<p>\u00a7.6 Das Mietobjekt wird dem Mieter in sauberem und vertragsgem\u00e4\u00dfem Zustand \u00fcbergeben. Sollten bei der \u00dcbergabe M\u00e4ngel vorhanden oder das Inventar unvollst\u00e4ndig sein, so hat der Mieter dies unverz\u00fcglich beim Schl\u00fcsselhalter\/Vermieter anzuzeigen. Andernfalls gilt das Mietobjekt als in einwandfreiem Zustand \u00fcbergeben. Entstehen in den Wohnungen Sch\u00e4den, die durch den Gast verursacht werden, kommt der Gast daf\u00fcr auf; der Gast haftet f\u00fcr alle ihn begleitenden Personen. Die Kaution in H\u00f6he von EUR 200 ist vor Anreise in bar zu bezahlen und wird dem Gast sp\u00e4testens 5 Tage nach Abreise zur\u00fcck\u00fcberwiesen, sofern keine Besch\u00e4digungen durch den Gast entstanden sind.<\/p>\n<p><\/p>\n<p><\/p>\n<p><\/p>\n<p>\u00a7.7 Personengebundene Daten des Kunden werden nur im Rahmen der gesetzlichen Vorschriften des \u00f6sterreichischen Datenschutzgesetzes erhoben.<\/p>\n<p><\/p>\n<p><\/p>\n<p><\/p>\n<p>\u00a7.8 Bei Erhalt der Buchungsbest\u00e4tigung und Zahlung per Rechnung sind 30% des Buchungspreises als Anzahlung&nbsp;zu leisten. Bei allen anderen Zahlungsarten ist der volle Preis bei Buchung f\u00e4llig. Informationen zur Zahlung erhalten Sie zusammen mit der Buchungsbest\u00e4tigung. Die restlichen 70% sind bei Zahlung per Rechnung sp\u00e4testens 30 Tage vor Anreise f\u00e4llig. Sollte die Restzahlung nicht oder nicht rechtzeitig \u00fcberwiesen werden bzw. die Buchung nicht mindestens 30 Tage vor Anreise storniert werden, behalten wir uns das Recht vor den Mietvertrag aufzul\u00f6sen. Eine allf\u00e4llige Anzahlung wird in diesem Fall nicht r\u00fcckerstattet.<\/p>\n<p><\/p>\n<p><\/p>\n<p><\/p>\n<p>\u00a7.9 Die Nebenkosten (wie Strom, Gas, Heizung, Kurtaxe usw.) sind im Mietpreis inbegriffen.<\/p>\n<p><\/p>\n<p><span style=\"font-size: 16px;\">\u00a7.10&nbsp;<\/span><span style=\"font-size: 16px; color: var( --e-global-color-text ); font-family: var( --e-global-typography-text-font-family ), Sans-serif; font-weight: var( --e-global-typography-text-font-weight ); letter-spacing: 0px;\">Das Mitbringen von Haustieren ist verboten.<\/span><\/p>\n<p><\/p>\n<p><\/p>\n<p>Die Nachtruhe beginnt um 21 Uhr.<\/p>\n<p><\/p>\n<p><\/p>\n<p>Bitte achten Sie daher auf die Gemeinschaft und versuchen Sie den L\u00e4rmpegel besonders nach 21:00 Uhr auf ein Minimum zu beschr\u00e4nken. Wir sind \u00fcberzeugt davon, dass Ihr Urlaub noch angenehmer sein wird, wenn Sie die Menschen und das Eigentum um Sie herum respektieren.&nbsp;<\/p>\n<p><\/p>\n<p><\/p>\n<p>Sollten Beschwerden \u00fcber \u00fcberm\u00e4\u00dfigen L\u00e4rm oder ungeb\u00fchrliches Verhalten auftreten, behalten wir uns das Recht vor den Mietvertrag unverz\u00fcglich zu k\u00fcndigen und die Kaution einzubehalten.<\/p>\n<p><\/p>\n<p><\/p>\n<p><\/p>\n<p>\u00a7.11 Als Gerichtsstand gilt der Betriebsort, also der Ort, in dem sich die Ferienwohnung befindet und in dem die Leistung aus dem Gastaufnahmevertrag zu erbringen sind, in diesem Fall das Bezirksgericht Schwaz. Zahlungspflicht besteht sp\u00e4testens am Abreisetag, evt. kann der vereinbarte Mietpreis auch im Voraus \u00fcberwiesen werden. Der Mieter f\u00fcgt sich ausdr\u00fccklich dieser Bestimmung.<\/p>\n<p><\/p>\n<p><\/p>\n<p><\/p>\n<p>\u00a7.12 Salvatoresche Klausel: Sollte eine oder mehrere Bestimmungen dieser AGB unwirksam werden, so wird hiervon die Wirksamkeit der \u00fcbrigen Bestimmungen nicht ber\u00fchrt. Die unwirksame Bestimmung ist durch eine wirksame zu ersetzen, die dem mit der unwirksamen Bestimmung verfolgten wirtschaftlichen Zweck am n\u00e4chsten kommt.<\/p>\n<p><\/p>\n<p><\/p>\n<p><\/p>\n<p>Grundlage f\u00fcr die AGB\u00b4s sind die&nbsp;ALLGEMEINEN GESCH\u00c4FTSBEDINGUNGEN F\u00dcR DIE HOTELLERIE \u00d6sterreich.<\/p>\n<p><\/p>\t\t\t\t\t\t\t\t<\/div>\n\t\t\t\t<\/div>\n\t\t\t\t\t<\/div>\n\t\t<\/div>\n\t\t\t\t\t<\/div>\n\t\t<\/section>\n\t\t\t\t<\/div>\n\t\t","protected":false},"excerpt":{"rendered":"<p>Allgemeine Gesch\u00e4ftsbedingungen AGB Apart Dahoam Anwendungsbereich Diese Allgemeinen Gesch\u00e4ftsbedingungen (im Folgenden AGB) gelten f\u00fcr Leistungen von Apart Dahoam gegen\u00fcber dem Gast. Die Leistungen bestehen insbesondere in der entgeltlichen Beherbergung, der Vermietung von R\u00e4umlichkeiten und f\u00fcr alle damit zusammenh\u00e4ngenden weiteren Leistungen des Apartments. Apart Dahoam bezeichnet das Online-Angebot www.apartdahoam.com, vertreten durch Andreas und Christoph Schwarz, Dorf 2h, 6210 Wiesing. Die AGB gelten bei Vermietung der Apartments. \u00a7.1 Der Gastaufnahmevertrag gilt als geschlossen, wenn die Apartments vom Gast bestellt und vom Vermieter best\u00e4tigt wurde. F\u00fcr die Best\u00e4tigung ist sowohl die schriftliche, als auch die kurzfristige m\u00fcndliche Form bindend. Der Gastaufnahmevertrag verpflichtet Gast und Vermieter zur Einhaltung und kommt nur zwischen Vermieter und Gast, sowie die ihn begleitenden Personen zustande. Eine nicht genehmigte Beherbergung fremder \u00dcbernachtungsg\u00e4ste wird mit dem 2-fachen \u00dcbernachtungsgrundpreis berechnet und f\u00fchrt zur sofortigen Beendigung des Mietverh\u00e4ltnisses. \u00a7.2 Der Vermieter verpflichtet sich, dem Gast die Apartments in einwandfreier Beschaffenheit nach gesetzlichen Vorschriften oder markt\u00fcblichen Gepflogenheiten zur Verf\u00fcgung zu stellen. Er ist verpflichtet, dem Gast eine andere Unterkunft zu beschaffen oder Schadenersatz zu leisten, wenn er nicht in der Lage ist, das zugesagte Apartment trotz Best\u00e4tigung zur Verf\u00fcgung zu stellen. \u00a7.3 Wenn der Gast vor dem Beginn des Aufenthaltes vom Vertrag zur\u00fccktritt oder sp\u00e4ter an- bzw. fr\u00fcher abreist als vereinbart, so ist er verpflichtet, dem Vermieter f\u00fcr die Tage, an denen er das reservierte Apartment nicht in Anspruch nimmt, den vereinbarten Mietpreis abz\u00fcglich der ersparten Eigenkosten zu zahlen. Die Zahlung wird sp\u00e4testens f\u00e4llig am Anreisetag der vereinbarten Mietzeit und ist im Voraus zu leisten. \u00a7.4 Stornierung der Mietvereinbarung. Wir erlauben unseren G\u00e4sten eine Stornierung bis 30 Tage vor Beginn der Mietzeit kostenfrei.&nbsp; Bei kurzfristiger Stornierung unter 30 Tagen vor Anreise betr\u00e4gt die Stornogeb\u00fchr 100% des Mietpreises. Stornierungen und \u00c4nderungen, die versp\u00e4tet erfolgen, sowie Nichtanreisen werden mit dem Gesamtbetrag berechnet. \u00a7.5 Der Anreisetag gilt als ein Miettag und wird als solcher berechnet. Es wird ein \u00dcbernachtungspreis vereinbart. Am Anreisetag steht dem Gast die bestellte Ferienwohnung ab 15 Uhr zur Verf\u00fcgung. Am Abreisetag muss der Gast die Ferienwohnung bis 10 Uhr verlassen, um dem Vermieter Gelegenheit zu geben, diese f\u00fcr den nachfolgenden Gast wieder herzurichten. \u00a7.6 Das Mietobjekt wird dem Mieter in sauberem und vertragsgem\u00e4\u00dfem Zustand \u00fcbergeben. Sollten bei der \u00dcbergabe M\u00e4ngel vorhanden oder das Inventar unvollst\u00e4ndig sein, so hat der Mieter dies unverz\u00fcglich beim Schl\u00fcsselhalter\/Vermieter anzuzeigen. Andernfalls gilt das Mietobjekt als in einwandfreiem Zustand \u00fcbergeben. Entstehen in den Wohnungen Sch\u00e4den, die durch den Gast verursacht werden, kommt der Gast daf\u00fcr auf; der Gast haftet f\u00fcr alle ihn begleitenden Personen. Die Kaution in H\u00f6he von EUR 200 ist vor Anreise in bar zu bezahlen und wird dem Gast sp\u00e4testens 5 Tage nach Abreise zur\u00fcck\u00fcberwiesen, sofern keine Besch\u00e4digungen durch den Gast entstanden sind. \u00a7.7 Personengebundene Daten des Kunden werden nur im Rahmen der gesetzlichen Vorschriften des \u00f6sterreichischen Datenschutzgesetzes erhoben. \u00a7.8 Bei Erhalt der Buchungsbest\u00e4tigung und Zahlung per Rechnung sind 30% des Buchungspreises als Anzahlung&nbsp;zu leisten. Bei allen anderen Zahlungsarten ist der volle Preis bei Buchung f\u00e4llig. Informationen zur Zahlung erhalten Sie zusammen mit der Buchungsbest\u00e4tigung. Die restlichen 70% sind bei Zahlung per Rechnung sp\u00e4testens 30 Tage vor Anreise f\u00e4llig. Sollte die Restzahlung nicht oder nicht rechtzeitig \u00fcberwiesen werden bzw. die Buchung nicht mindestens 30 Tage vor Anreise storniert werden, behalten wir uns das Recht vor den Mietvertrag aufzul\u00f6sen. Eine allf\u00e4llige Anzahlung wird in diesem Fall nicht r\u00fcckerstattet. \u00a7.9 Die Nebenkosten (wie Strom, Gas, Heizung, Kurtaxe usw.) sind im Mietpreis inbegriffen. \u00a7.10&nbsp;Das Mitbringen von Haustieren ist verboten. Die Nachtruhe beginnt um 21 Uhr. Bitte achten Sie daher auf die Gemeinschaft und versuchen Sie den L\u00e4rmpegel besonders nach 21:00 Uhr auf ein Minimum zu beschr\u00e4nken. Wir sind \u00fcberzeugt davon, dass Ihr Urlaub noch angenehmer sein wird, wenn Sie die Menschen und das Eigentum um Sie herum respektieren.&nbsp; Sollten Beschwerden \u00fcber \u00fcberm\u00e4\u00dfigen L\u00e4rm oder ungeb\u00fchrliches Verhalten auftreten, behalten wir uns das Recht vor den Mietvertrag unverz\u00fcglich zu k\u00fcndigen und die Kaution einzubehalten. \u00a7.11 Als Gerichtsstand gilt der Betriebsort, also der Ort, in dem sich die Ferienwohnung befindet und in dem die Leistung aus dem Gastaufnahmevertrag zu erbringen sind, in diesem Fall das Bezirksgericht Schwaz. Zahlungspflicht besteht sp\u00e4testens am Abreisetag, evt. kann der vereinbarte Mietpreis auch im Voraus \u00fcberwiesen werden. Der Mieter f\u00fcgt sich ausdr\u00fccklich dieser Bestimmung. \u00a7.12 Salvatoresche Klausel: Sollte eine oder mehrere Bestimmungen dieser AGB unwirksam werden, so wird hiervon die Wirksamkeit der \u00fcbrigen Bestimmungen nicht ber\u00fchrt. Die unwirksame Bestimmung ist durch eine wirksame zu ersetzen, die dem mit der unwirksamen Bestimmung verfolgten wirtschaftlichen Zweck am n\u00e4chsten kommt. Grundlage f\u00fcr die AGB\u00b4s sind die&nbsp;ALLGEMEINEN GESCH\u00c4FTSBEDINGUNGEN F\u00dcR DIE HOTELLERIE \u00d6sterreich.<\/p>\n","protected":false},"author":1,"featured_media":0,"parent":0,"menu_order":0,"comment_status":"closed","ping_status":"closed","template":"","meta":{"footnotes":""},"class_list":["post-166","page","type-page","status-publish","hentry"],"_links":{"self":[{"href":"https:\/\/apartdahoam.at\/index.php?rest_route=\/wp\/v2\/pages\/166","targetHints":{"allow":["GET"]}}],"collection":[{"href":"https:\/\/apartdahoam.at\/index.php?rest_route=\/wp\/v2\/pages"}],"about":[{"href":"https:\/\/apartdahoam.at\/index.php?rest_route=\/wp\/v2\/types\/page"}],"author":[{"embeddable":true,"href":"https:\/\/apartdahoam.at\/index.php?rest_route=\/wp\/v2\/users\/1"}],"replies":[{"embeddable":true,"href":"https:\/\/apartdahoam.at\/index.php?rest_route=%2Fwp%2Fv2%2Fcomments&post=166"}],"version-history":[{"count":9,"href":"https:\/\/apartdahoam.at\/index.php?rest_route=\/wp\/v2\/pages\/166\/revisions"}],"predecessor-version":[{"id":752,"href":"https:\/\/apartdahoam.at\/index.php?rest_route=\/wp\/v2\/pages\/166\/revisions\/752"}],"wp:attachment":[{"href":"https:\/\/apartdahoam.at\/index.php?rest_route=%2Fwp%2Fv2%2Fmedia&parent=166"}],"curies":[{"name":"wp","href":"https:\/\/api.w.org\/{rel}","templated":true}]}}