{"id":149,"date":"2021-12-20T13:33:45","date_gmt":"2021-12-20T12:33:45","guid":{"rendered":"http:\/\/apartdahoam.at\/?page_id=149"},"modified":"2025-12-02T10:39:29","modified_gmt":"2025-12-02T08:39:29","slug":"anfahrt","status":"publish","type":"page","link":"https:\/\/apartdahoam.at\/?page_id=149","title":{"rendered":"Anfahrt"},"content":{"rendered":"\t\t<div data-elementor-type=\"wp-page\" data-elementor-id=\"149\" class=\"elementor elementor-149\">\n\t\t\t\t\t\t<section class=\"elementor-section elementor-top-section elementor-element elementor-element-3bf12a81 elementor-section-boxed elementor-section-height-default elementor-section-height-default\" data-id=\"3bf12a81\" data-element_type=\"section\" data-e-type=\"section\">\n\t\t\t\t\t\t<div class=\"elementor-container elementor-column-gap-default\">\n\t\t\t\t\t<div class=\"elementor-column elementor-col-100 elementor-top-column elementor-element elementor-element-52678747\" data-id=\"52678747\" data-element_type=\"column\" data-e-type=\"column\">\n\t\t\t<div class=\"elementor-widget-wrap elementor-element-populated\">\n\t\t\t\t\t\t<div class=\"elementor-element elementor-element-291289d1 elementor-drop-cap-yes elementor-drop-cap-view-default elementor-widget elementor-widget-text-editor\" data-id=\"291289d1\" data-element_type=\"widget\" data-e-type=\"widget\" data-settings=\"{&quot;drop_cap&quot;:&quot;yes&quot;}\" data-widget_type=\"text-editor.default\">\n\t\t\t\t<div class=\"elementor-widget-container\">\n\t\t\t\t\t\t\t\t\t<p>kommend von der Autobahn A12 nehmen Sie die Ausfahrt Wiesing und fahren in die Ortschaft Richtung Jenbach. Am Ortsende von Wiesing biegen Sie rechts ab und folgen der Seitenstra\u00dfe f\u00fcr 300m. Ihr Ziel befindet sich auf der rechten Seite. Parken k\u00f6nnen Sie vor der Eingangstreppe, im oder neben dem Carport<\/p>\t\t\t\t\t\t\t\t<\/div>\n\t\t\t\t<\/div>\n\t\t\t\t\t<\/div>\n\t\t<\/div>\n\t\t\t\t\t<\/div>\n\t\t<\/section>\n\t\t\t\t<section class=\"elementor-section elementor-top-section elementor-element elementor-element-fa26fd6 elementor-section-boxed elementor-section-height-default elementor-section-height-default\" data-id=\"fa26fd6\" data-element_type=\"section\" data-e-type=\"section\">\n\t\t\t\t\t\t<div class=\"elementor-container elementor-column-gap-default\">\n\t\t\t\t\t<div class=\"elementor-column elementor-col-100 elementor-top-column elementor-element elementor-element-3e1dae4\" data-id=\"3e1dae4\" data-element_type=\"column\" data-e-type=\"column\">\n\t\t\t<div class=\"elementor-widget-wrap elementor-element-populated\">\n\t\t\t\t\t\t<div class=\"elementor-element elementor-element-3ffb065 elementor-widget elementor-widget-google_maps\" data-id=\"3ffb065\" data-element_type=\"widget\" data-e-type=\"widget\" data-widget_type=\"google_maps.default\">\n\t\t\t\t<div class=\"elementor-widget-container\">\n\t\t\t\t\t\t\t<div class=\"elementor-custom-embed\">\n\t\t\t<iframe loading=\"lazy\"\n\t\t\t\t\tsrc=\"https:\/\/maps.google.com\/maps?q=dorf%202h%206210%20wiesing&#038;t=m&#038;z=15&#038;output=embed&#038;iwloc=near\"\n\t\t\t\t\ttitle=\"dorf 2h 6210 wiesing\"\n\t\t\t\t\taria-label=\"dorf 2h 6210 wiesing\"\n\t\t\t><\/iframe>\n\t\t<\/div>\n\t\t\t\t\t\t<\/div>\n\t\t\t\t<\/div>\n\t\t\t\t\t<\/div>\n\t\t<\/div>\n\t\t\t\t\t<\/div>\n\t\t<\/section>\n\t\t\t\t<\/div>\n\t\t","protected":false},"excerpt":{"rendered":"<p>kommend von der Autobahn A12 nehmen Sie die Ausfahrt Wiesing und fahren in die Ortschaft Richtung Jenbach. Am Ortsende von Wiesing biegen Sie rechts ab und folgen der Seitenstra\u00dfe f\u00fcr 300m. Ihr Ziel befindet sich auf der rechten Seite. Parken k\u00f6nnen Sie vor der Eingangstreppe, im oder neben dem Carport<\/p>\n","protected":false},"author":1,"featured_media":0,"parent":0,"menu_order":0,"comment_status":"closed","ping_status":"closed","template":"","meta":{"footnotes":""},"class_list":["post-149","page","type-page","status-publish","hentry"],"_links":{"self":[{"href":"https:\/\/apartdahoam.at\/index.php?rest_route=\/wp\/v2\/pages\/149","targetHints":{"allow":["GET"]}}],"collection":[{"href":"https:\/\/apartdahoam.at\/index.php?rest_route=\/wp\/v2\/pages"}],"about":[{"href":"https:\/\/apartdahoam.at\/index.php?rest_route=\/wp\/v2\/types\/page"}],"author":[{"embeddable":true,"href":"https:\/\/apartdahoam.at\/index.php?rest_route=\/wp\/v2\/users\/1"}],"replies":[{"embeddable":true,"href":"https:\/\/apartdahoam.at\/index.php?rest_route=%2Fwp%2Fv2%2Fcomments&post=149"}],"version-history":[{"count":13,"href":"https:\/\/apartdahoam.at\/index.php?rest_route=\/wp\/v2\/pages\/149\/revisions"}],"predecessor-version":[{"id":881,"href":"https:\/\/apartdahoam.at\/index.php?rest_route=\/wp\/v2\/pages\/149\/revisions\/881"}],"wp:attachment":[{"href":"https:\/\/apartdahoam.at\/index.php?rest_route=%2Fwp%2Fv2%2Fmedia&parent=149"}],"curies":[{"name":"wp","href":"https:\/\/api.w.org\/{rel}","templated":true}]}}