{"id":130,"date":"2021-12-20T12:07:36","date_gmt":"2021-12-20T11:07:36","guid":{"rendered":"http:\/\/apartdahoam.at\/?page_id=130"},"modified":"2025-12-02T10:38:48","modified_gmt":"2025-12-02T08:38:48","slug":"die-urlaubsregion","status":"publish","type":"page","link":"https:\/\/apartdahoam.at\/?page_id=130","title":{"rendered":"die Urlaubsregion"},"content":{"rendered":"\t\t<div data-elementor-type=\"wp-page\" data-elementor-id=\"130\" class=\"elementor elementor-130\">\n\t\t\t\t<div class=\"elementor-element elementor-element-65e3bd1 e-flex e-con-boxed e-con e-parent\" data-id=\"65e3bd1\" data-element_type=\"container\" data-e-type=\"container\">\n\t\t\t\t\t<div class=\"e-con-inner\">\n\t\t<div class=\"elementor-element elementor-element-c274aba e-con-full e-flex e-con e-child\" data-id=\"c274aba\" data-element_type=\"container\" data-e-type=\"container\">\n\t\t\t\t<div class=\"elementor-element elementor-element-5940721 elementor-widget elementor-widget-image\" data-id=\"5940721\" data-element_type=\"widget\" data-e-type=\"widget\" data-widget_type=\"image.default\">\n\t\t\t\t<div class=\"elementor-widget-container\">\n\t\t\t\t\t\t\t\t\t\t\t\t\t\t\t<img fetchpriority=\"high\" decoding=\"async\" width=\"768\" height=\"510\" src=\"https:\/\/apartdahoam.at\/wp-content\/uploads\/2022\/04\/Bahn-und-Schiff-am-Achensee-Tra.webp\" class=\"attachment-large size-large wp-image-642\" alt=\"\" srcset=\"https:\/\/apartdahoam.at\/wp-content\/uploads\/2022\/04\/Bahn-und-Schiff-am-Achensee-Tra.webp 768w, https:\/\/apartdahoam.at\/wp-content\/uploads\/2022\/04\/Bahn-und-Schiff-am-Achensee-Tra-300x199.webp 300w\" sizes=\"(max-width: 768px) 100vw, 768px\" \/>\t\t\t\t\t\t\t\t\t\t\t\t\t\t\t<\/div>\n\t\t\t\t<\/div>\n\t\t\t\t<\/div>\n\t\t<div class=\"elementor-element elementor-element-940bba6 e-con-full e-flex e-con e-child\" data-id=\"940bba6\" data-element_type=\"container\" data-e-type=\"container\">\n\t\t\t\t<div class=\"elementor-element elementor-element-60d0cef elementor-widget elementor-widget-image\" data-id=\"60d0cef\" data-element_type=\"widget\" data-e-type=\"widget\" data-widget_type=\"image.default\">\n\t\t\t\t<div class=\"elementor-widget-container\">\n\t\t\t\t\t\t\t\t\t\t\t\t\t\t\t<img decoding=\"async\" width=\"960\" height=\"640\" src=\"https:\/\/apartdahoam.at\/wp-content\/uploads\/2022\/04\/Skifahren-in-Pertisau-am-Achensee-scaled-1024x683.webp\" class=\"attachment-large size-large wp-image-693\" alt=\"\" srcset=\"https:\/\/apartdahoam.at\/wp-content\/uploads\/2022\/04\/Skifahren-in-Pertisau-am-Achensee-scaled-1024x683.webp 1024w, https:\/\/apartdahoam.at\/wp-content\/uploads\/2022\/04\/Skifahren-in-Pertisau-am-Achensee-scaled-300x200.webp 300w, https:\/\/apartdahoam.at\/wp-content\/uploads\/2022\/04\/Skifahren-in-Pertisau-am-Achensee-scaled-768x512.webp 768w, https:\/\/apartdahoam.at\/wp-content\/uploads\/2022\/04\/Skifahren-in-Pertisau-am-Achensee-scaled-1536x1024.webp 1536w, https:\/\/apartdahoam.at\/wp-content\/uploads\/2022\/04\/Skifahren-in-Pertisau-am-Achensee-scaled-2048x1366.webp 2048w, https:\/\/apartdahoam.at\/wp-content\/uploads\/2022\/04\/Skifahren-in-Pertisau-am-Achensee-scaled-1140x760.webp 1140w\" sizes=\"(max-width: 960px) 100vw, 960px\" \/>\t\t\t\t\t\t\t\t\t\t\t\t\t\t\t<\/div>\n\t\t\t\t<\/div>\n\t\t\t\t<\/div>\n\t\t\t\t\t<\/div>\n\t\t\t\t<\/div>\n\t\t<div class=\"elementor-element elementor-element-1a134344 e-flex e-con-boxed e-con e-parent\" data-id=\"1a134344\" data-element_type=\"container\" data-e-type=\"container\">\n\t\t\t\t\t<div class=\"e-con-inner\">\n\t\t\t\t<div class=\"elementor-element elementor-element-20e8de2d elementor-widget elementor-widget-text-editor\" data-id=\"20e8de2d\" data-element_type=\"widget\" data-e-type=\"widget\" data-widget_type=\"text-editor.default\">\n\t\t\t\t<div class=\"elementor-widget-container\">\n\t\t\t\t\t\t\t\t\t<h2 class=\"wp-block-heading\">die Urlaubsregion<\/h2>\n<p><!-- \/wp:heading --><\/p>\n<p><!-- wp:columns --><\/p>\n<div class=\"wp-block-columns\">\n<p><!-- wp:column --><\/p>\n<div class=\"wp-block-column\">\n<p><!-- wp:image {\"id\":462,\"sizeSlug\":\"full\",\"linkDestination\":\"none\"} --><\/p>\n<figure class=\"wp-block-image size-full\"><\/figure>\n<p><!-- \/wp:image --><\/p>\n<\/div>\n<p><!-- \/wp:column --><\/p>\n<p><!-- wp:column --><\/p>\n<div class=\"wp-block-column\">\n<p><!-- wp:image {\"id\":461,\"sizeSlug\":\"full\",\"linkDestination\":\"none\"} --><\/p>\n<figure class=\"wp-block-image size-full\"><\/figure>\n<p><!-- \/wp:image --><\/p>\n<\/div>\n<p><!-- \/wp:column --><\/p>\n<\/div>\n<p><!-- \/wp:columns --><\/p>\n<p><!-- wp:paragraph --><\/p>\n<p>Die zentral gelegenen Apartments liegen im am Fu\u00dfe des Achensees und am Eingang zum Zillertal. Supermarkt, B\u00e4ckerei und Restaurants sind nahe des Apartment und fu\u00dfl\u00e4ufig erreichbar.<\/p>\n<p><strong><span style=\"color: var( --e-global-color-text ); font-family: var( --e-global-typography-text-font-family ), Sans-serif; text-align: var(--text-align); letter-spacing: 0px;\">Sommer<\/span><\/strong><\/p>\n<p><!-- \/wp:paragraph --><\/p>\n<p><!-- wp:paragraph --><\/p>\n<p>Schon direkt von der Unterkunft aus lassen sich Wanderungen zB zur Astenau-Alm, zum Ebner Joch oder zur Buchauer Alm starten. Ebenso sind der Radweg zum Achensee, der Inntalradweg und der Zillertalradweg vor der Haust\u00fcre. Auch etliche Mountainbike Touren k\u00f6nnen direkt ab der Unterkunft begonnen werden. Au\u00dferdem sind die Wandergebiete des Rofangebirges, des Karwendels und Zillertals in K\u00fcrze erreichbar.<br>Zum Entspannen laden nahe gelegene Badeseen wie der Schlitterer Badesee oder der Reintaler See ein.<\/p>\n<p><strong>Winter<\/strong><\/p>\n<p><!-- \/wp:paragraph --><\/p>\n<p><!-- wp:paragraph --><\/p>\n<p>Durch die sehr gute Lage der Apartments sind auch im Winter zahlreiche Skigebiete wie zB die Spieljochbahn F\u00fcgen, Hochzillertal, Skijuwel Alpbachtal, die Rofanseilbahn usw. in unter 15 Autominuten erreichbar. <br>Auch Rodelbahnen, Langlaufloipen und Winterwanderwege, sowie die Thermalb\u00e4der in F\u00fcgen und am Achensee sind in k\u00fcrzester Zeit erreichbar.<\/p>\n<p><!-- \/wp:paragraph --><\/p>\n<p><!-- wp:paragraph --><\/p>\n<p><strong>&nbsp;Wenn das Wetter mal nicht mitspielt<\/strong><\/p>\n<p><!-- \/wp:paragraph --><\/p>\n<p><!-- wp:paragraph --><\/p>\n<p>Auch bei Schlechtwetter wird Ihnen nicht langweilig: erkunden Sie das gr\u00f6\u00dfte Silberbergwerk des Mittelalters in Schwaz, sehen Sie sich Schloss Tratzberg an &#8211; eines der sch\u00f6nster Schl\u00f6sser im Alpenraum, besuchen Sie die Kristallwelten von Swarovski in Wattens, oder sehen Sie sich Innsbruck mit dem Goldenen Dachl oder die monumentale Festung in Kufstein an.<\/p>\n<p><!-- \/wp:paragraph --><\/p>\n<p><!-- wp:paragraph --><\/p>\n<p><!-- \/wp:paragraph --><\/p>\n<p><!-- wp:paragraph --><\/p>\n<p><!-- \/wp:paragraph --><\/p>\t\t\t\t\t\t\t\t<\/div>\n\t\t\t\t<\/div>\n\t\t\t\t\t<\/div>\n\t\t\t\t<\/div>\n\t\t<div class=\"elementor-element elementor-element-1d27807 e-flex e-con-boxed e-con e-parent\" data-id=\"1d27807\" data-element_type=\"container\" data-e-type=\"container\">\n\t\t\t\t\t<div class=\"e-con-inner\">\n\t\t\t\t<div class=\"elementor-element elementor-element-3be9bd9 elementor-widget elementor-widget-image-gallery\" data-id=\"3be9bd9\" data-element_type=\"widget\" data-e-type=\"widget\" data-widget_type=\"image-gallery.default\">\n\t\t\t\t<div class=\"elementor-widget-container\">\n\t\t\t\t\t\t\t<div class=\"elementor-image-gallery\">\n\t\t\t<div id='gallery-1' class='gallery galleryid-130 gallery-columns-4 gallery-size-thumbnail'><figure class='gallery-item'>\n\t\t\t<div class='gallery-icon landscape'>\n\t\t\t\t<a data-elementor-open-lightbox=\"yes\" data-elementor-lightbox-slideshow=\"3be9bd9\" data-elementor-lightbox-title=\"schloss-tratzberg-hochzeitslocation-aus--uebersicht-by-hochzeitclick-1680839702206\" data-e-action-hash=\"#elementor-action%3Aaction%3Dlightbox%26settings%3DeyJpZCI6NzQxLCJ1cmwiOiJodHRwczpcL1wvYXBhcnRkYWhvYW0uYXRcL3dwLWNvbnRlbnRcL3VwbG9hZHNcLzIwMjNcLzEwXC9zY2hsb3NzLXRyYXR6YmVyZy1ob2NoemVpdHNsb2NhdGlvbi1hdXMtdWViZXJzaWNodC1ieS1ob2NoemVpdGNsaWNrLTE2ODA4Mzk3MDIyMDYud2VicCIsInNsaWRlc2hvdyI6IjNiZTliZDkifQ%3D%3D\" href='https:\/\/apartdahoam.at\/wp-content\/uploads\/2023\/10\/schloss-tratzberg-hochzeitslocation-aus-uebersicht-by-hochzeitclick-1680839702206.webp'><img decoding=\"async\" width=\"150\" height=\"150\" src=\"https:\/\/apartdahoam.at\/wp-content\/uploads\/2023\/10\/schloss-tratzberg-hochzeitslocation-aus-uebersicht-by-hochzeitclick-1680839702206-150x150.webp\" class=\"attachment-thumbnail size-thumbnail\" alt=\"\" srcset=\"https:\/\/apartdahoam.at\/wp-content\/uploads\/2023\/10\/schloss-tratzberg-hochzeitslocation-aus-uebersicht-by-hochzeitclick-1680839702206-150x150.webp 150w, https:\/\/apartdahoam.at\/wp-content\/uploads\/2023\/10\/schloss-tratzberg-hochzeitslocation-aus-uebersicht-by-hochzeitclick-1680839702206-300x300.webp 300w, https:\/\/apartdahoam.at\/wp-content\/uploads\/2023\/10\/schloss-tratzberg-hochzeitslocation-aus-uebersicht-by-hochzeitclick-1680839702206-75x75.webp 75w\" sizes=\"(max-width: 150px) 100vw, 150px\" \/><\/a>\n\t\t\t<\/div><\/figure><figure class='gallery-item'>\n\t\t\t<div class='gallery-icon landscape'>\n\t\t\t\t<a data-elementor-open-lightbox=\"yes\" data-elementor-lightbox-slideshow=\"3be9bd9\" data-elementor-lightbox-title=\"innsburck-zentrum-goldenesdachl\" data-e-action-hash=\"#elementor-action%3Aaction%3Dlightbox%26settings%3DeyJpZCI6NzQwLCJ1cmwiOiJodHRwczpcL1wvYXBhcnRkYWhvYW0uYXRcL3dwLWNvbnRlbnRcL3VwbG9hZHNcLzIwMjNcLzEwXC9pbm5zYnVyY2stemVudHJ1bS1nb2xkZW5lc2RhY2hsLmpwZyIsInNsaWRlc2hvdyI6IjNiZTliZDkifQ%3D%3D\" href='https:\/\/apartdahoam.at\/wp-content\/uploads\/2023\/10\/innsburck-zentrum-goldenesdachl.jpg'><img loading=\"lazy\" decoding=\"async\" width=\"150\" height=\"150\" src=\"https:\/\/apartdahoam.at\/wp-content\/uploads\/2023\/10\/innsburck-zentrum-goldenesdachl-150x150.jpg\" class=\"attachment-thumbnail size-thumbnail\" alt=\"\" srcset=\"https:\/\/apartdahoam.at\/wp-content\/uploads\/2023\/10\/innsburck-zentrum-goldenesdachl-150x150.jpg 150w, https:\/\/apartdahoam.at\/wp-content\/uploads\/2023\/10\/innsburck-zentrum-goldenesdachl-300x300.jpg 300w, https:\/\/apartdahoam.at\/wp-content\/uploads\/2023\/10\/innsburck-zentrum-goldenesdachl-75x75.jpg 75w\" sizes=\"(max-width: 150px) 100vw, 150px\" \/><\/a>\n\t\t\t<\/div><\/figure><figure class='gallery-item'>\n\t\t\t<div class='gallery-icon landscape'>\n\t\t\t\t<a data-elementor-open-lightbox=\"yes\" data-elementor-lightbox-slideshow=\"3be9bd9\" data-elementor-lightbox-title=\"grubenbahn-ck\" data-e-action-hash=\"#elementor-action%3Aaction%3Dlightbox%26settings%3DeyJpZCI6NzM5LCJ1cmwiOiJodHRwczpcL1wvYXBhcnRkYWhvYW0uYXRcL3dwLWNvbnRlbnRcL3VwbG9hZHNcLzIwMjNcLzEwXC9ncnViZW5iYWhuLWNrLmpwZyIsInNsaWRlc2hvdyI6IjNiZTliZDkifQ%3D%3D\" href='https:\/\/apartdahoam.at\/wp-content\/uploads\/2023\/10\/grubenbahn-ck.jpg'><img loading=\"lazy\" decoding=\"async\" width=\"150\" height=\"150\" src=\"https:\/\/apartdahoam.at\/wp-content\/uploads\/2023\/10\/grubenbahn-ck-150x150.jpg\" class=\"attachment-thumbnail size-thumbnail\" alt=\"\" srcset=\"https:\/\/apartdahoam.at\/wp-content\/uploads\/2023\/10\/grubenbahn-ck-150x150.jpg 150w, https:\/\/apartdahoam.at\/wp-content\/uploads\/2023\/10\/grubenbahn-ck-300x300.jpg 300w, https:\/\/apartdahoam.at\/wp-content\/uploads\/2023\/10\/grubenbahn-ck-75x75.jpg 75w\" sizes=\"(max-width: 150px) 100vw, 150px\" \/><\/a>\n\t\t\t<\/div><\/figure><figure class='gallery-item'>\n\t\t\t<div class='gallery-icon landscape'>\n\t\t\t\t<a data-elementor-open-lightbox=\"yes\" data-elementor-lightbox-slideshow=\"3be9bd9\" data-elementor-lightbox-title=\"csm_SpieljochJan24_Drone-1_26f8e9a10b\" data-e-action-hash=\"#elementor-action%3Aaction%3Dlightbox%26settings%3DeyJpZCI6NzM4LCJ1cmwiOiJodHRwczpcL1wvYXBhcnRkYWhvYW0uYXRcL3dwLWNvbnRlbnRcL3VwbG9hZHNcLzIwMjNcLzEwXC9jc21fU3BpZWxqb2NoSmFuMjRfRHJvbmUtMV8yNmY4ZTlhMTBiLmpwZyIsInNsaWRlc2hvdyI6IjNiZTliZDkifQ%3D%3D\" href='https:\/\/apartdahoam.at\/wp-content\/uploads\/2023\/10\/csm_SpieljochJan24_Drone-1_26f8e9a10b.jpg'><img loading=\"lazy\" decoding=\"async\" width=\"150\" height=\"150\" src=\"https:\/\/apartdahoam.at\/wp-content\/uploads\/2023\/10\/csm_SpieljochJan24_Drone-1_26f8e9a10b-150x150.jpg\" class=\"attachment-thumbnail size-thumbnail\" alt=\"\" srcset=\"https:\/\/apartdahoam.at\/wp-content\/uploads\/2023\/10\/csm_SpieljochJan24_Drone-1_26f8e9a10b-150x150.jpg 150w, https:\/\/apartdahoam.at\/wp-content\/uploads\/2023\/10\/csm_SpieljochJan24_Drone-1_26f8e9a10b-300x300.jpg 300w, https:\/\/apartdahoam.at\/wp-content\/uploads\/2023\/10\/csm_SpieljochJan24_Drone-1_26f8e9a10b-75x75.jpg 75w\" sizes=\"(max-width: 150px) 100vw, 150px\" \/><\/a>\n\t\t\t<\/div><\/figure><figure class='gallery-item'>\n\t\t\t<div class='gallery-icon landscape'>\n\t\t\t\t<a data-elementor-open-lightbox=\"yes\" data-elementor-lightbox-slideshow=\"3be9bd9\" data-elementor-lightbox-title=\"csm_Hochzillertal_Winter_Bilder_78_3fd5ba6bdc\" data-e-action-hash=\"#elementor-action%3Aaction%3Dlightbox%26settings%3DeyJpZCI6NzM3LCJ1cmwiOiJodHRwczpcL1wvYXBhcnRkYWhvYW0uYXRcL3dwLWNvbnRlbnRcL3VwbG9hZHNcLzIwMjNcLzEwXC9jc21fSG9jaHppbGxlcnRhbF9XaW50ZXJfQmlsZGVyXzc4XzNmZDViYTZiZGMuanBnIiwic2xpZGVzaG93IjoiM2JlOWJkOSJ9\" href='https:\/\/apartdahoam.at\/wp-content\/uploads\/2023\/10\/csm_Hochzillertal_Winter_Bilder_78_3fd5ba6bdc.jpg'><img loading=\"lazy\" decoding=\"async\" width=\"150\" height=\"150\" src=\"https:\/\/apartdahoam.at\/wp-content\/uploads\/2023\/10\/csm_Hochzillertal_Winter_Bilder_78_3fd5ba6bdc-150x150.jpg\" class=\"attachment-thumbnail size-thumbnail\" alt=\"\" srcset=\"https:\/\/apartdahoam.at\/wp-content\/uploads\/2023\/10\/csm_Hochzillertal_Winter_Bilder_78_3fd5ba6bdc-150x150.jpg 150w, https:\/\/apartdahoam.at\/wp-content\/uploads\/2023\/10\/csm_Hochzillertal_Winter_Bilder_78_3fd5ba6bdc-300x300.jpg 300w, https:\/\/apartdahoam.at\/wp-content\/uploads\/2023\/10\/csm_Hochzillertal_Winter_Bilder_78_3fd5ba6bdc-75x75.jpg 75w\" sizes=\"(max-width: 150px) 100vw, 150px\" \/><\/a>\n\t\t\t<\/div><\/figure><figure class='gallery-item'>\n\t\t\t<div class='gallery-icon landscape'>\n\t\t\t\t<a data-elementor-open-lightbox=\"yes\" data-elementor-lightbox-slideshow=\"3be9bd9\" data-elementor-lightbox-title=\"Astenaualm_30868\" data-e-action-hash=\"#elementor-action%3Aaction%3Dlightbox%26settings%3DeyJpZCI6NzM2LCJ1cmwiOiJodHRwczpcL1wvYXBhcnRkYWhvYW0uYXRcL3dwLWNvbnRlbnRcL3VwbG9hZHNcLzIwMjNcLzEwXC9Bc3RlbmF1YWxtXzMwODY4LmpwZyIsInNsaWRlc2hvdyI6IjNiZTliZDkifQ%3D%3D\" href='https:\/\/apartdahoam.at\/wp-content\/uploads\/2023\/10\/Astenaualm_30868.jpg'><img loading=\"lazy\" decoding=\"async\" width=\"150\" height=\"150\" src=\"https:\/\/apartdahoam.at\/wp-content\/uploads\/2023\/10\/Astenaualm_30868-150x150.jpg\" class=\"attachment-thumbnail size-thumbnail\" alt=\"\" srcset=\"https:\/\/apartdahoam.at\/wp-content\/uploads\/2023\/10\/Astenaualm_30868-150x150.jpg 150w, https:\/\/apartdahoam.at\/wp-content\/uploads\/2023\/10\/Astenaualm_30868-300x300.jpg 300w, https:\/\/apartdahoam.at\/wp-content\/uploads\/2023\/10\/Astenaualm_30868-75x75.jpg 75w\" sizes=\"(max-width: 150px) 100vw, 150px\" \/><\/a>\n\t\t\t<\/div><\/figure><figure class='gallery-item'>\n\t\t\t<div class='gallery-icon landscape'>\n\t\t\t\t<a data-elementor-open-lightbox=\"yes\" data-elementor-lightbox-slideshow=\"3be9bd9\" data-elementor-lightbox-title=\"9c19e403b9cbcbee_4d2505d6dbf24516@2x\" data-e-action-hash=\"#elementor-action%3Aaction%3Dlightbox%26settings%3DeyJpZCI6NzM0LCJ1cmwiOiJodHRwczpcL1wvYXBhcnRkYWhvYW0uYXRcL3dwLWNvbnRlbnRcL3VwbG9hZHNcLzIwMjNcLzEwXC85YzE5ZTQwM2I5Y2JjYmVlXzRkMjUwNWQ2ZGJmMjQ1MTZAMnguanBnIiwic2xpZGVzaG93IjoiM2JlOWJkOSJ9\" href='https:\/\/apartdahoam.at\/wp-content\/uploads\/2023\/10\/9c19e403b9cbcbee_4d2505d6dbf24516@2x.jpg'><img loading=\"lazy\" decoding=\"async\" width=\"150\" height=\"150\" src=\"https:\/\/apartdahoam.at\/wp-content\/uploads\/2023\/10\/9c19e403b9cbcbee_4d2505d6dbf24516@2x-150x150.jpg\" class=\"attachment-thumbnail size-thumbnail\" alt=\"\" srcset=\"https:\/\/apartdahoam.at\/wp-content\/uploads\/2023\/10\/9c19e403b9cbcbee_4d2505d6dbf24516@2x-150x150.jpg 150w, https:\/\/apartdahoam.at\/wp-content\/uploads\/2023\/10\/9c19e403b9cbcbee_4d2505d6dbf24516@2x-300x300.jpg 300w, https:\/\/apartdahoam.at\/wp-content\/uploads\/2023\/10\/9c19e403b9cbcbee_4d2505d6dbf24516@2x-75x75.jpg 75w\" sizes=\"(max-width: 150px) 100vw, 150px\" \/><\/a>\n\t\t\t<\/div><\/figure><figure class='gallery-item'>\n\t\t\t<div class='gallery-icon landscape'>\n\t\t\t\t<a data-elementor-open-lightbox=\"yes\" data-elementor-lightbox-slideshow=\"3be9bd9\" data-elementor-lightbox-title=\"Maurach-am-Achensee-Maurach-am-Achensee-min-scaled\" data-e-action-hash=\"#elementor-action%3Aaction%3Dlightbox%26settings%3DeyJpZCI6NjkyLCJ1cmwiOiJodHRwczpcL1wvYXBhcnRkYWhvYW0uYXRcL3dwLWNvbnRlbnRcL3VwbG9hZHNcLzIwMjJcLzA0XC9NYXVyYWNoLWFtLUFjaGVuc2VlLU1hdXJhY2gtYW0tQWNoZW5zZWUtbWluLXNjYWxlZC53ZWJwIiwic2xpZGVzaG93IjoiM2JlOWJkOSJ9\" href='https:\/\/apartdahoam.at\/wp-content\/uploads\/2022\/04\/Maurach-am-Achensee-Maurach-am-Achensee-min-scaled.webp'><img loading=\"lazy\" decoding=\"async\" width=\"150\" height=\"150\" src=\"https:\/\/apartdahoam.at\/wp-content\/uploads\/2022\/04\/Maurach-am-Achensee-Maurach-am-Achensee-min-scaled-150x150.webp\" class=\"attachment-thumbnail size-thumbnail\" alt=\"\" srcset=\"https:\/\/apartdahoam.at\/wp-content\/uploads\/2022\/04\/Maurach-am-Achensee-Maurach-am-Achensee-min-scaled-150x150.webp 150w, https:\/\/apartdahoam.at\/wp-content\/uploads\/2022\/04\/Maurach-am-Achensee-Maurach-am-Achensee-min-scaled-300x300.webp 300w, https:\/\/apartdahoam.at\/wp-content\/uploads\/2022\/04\/Maurach-am-Achensee-Maurach-am-Achensee-min-scaled-75x75.webp 75w\" sizes=\"(max-width: 150px) 100vw, 150px\" \/><\/a>\n\t\t\t<\/div><\/figure>\n\t\t<\/div>\n\t\t<\/div>\n\t\t\t\t\t\t<\/div>\n\t\t\t\t<\/div>\n\t\t\t\t\t<\/div>\n\t\t\t\t<\/div>\n\t\t\t\t<\/div>\n\t\t","protected":false},"excerpt":{"rendered":"<p>die Urlaubsregion Die zentral gelegenen Apartments liegen im am Fu\u00dfe des Achensees und am Eingang zum Zillertal. Supermarkt, B\u00e4ckerei und Restaurants sind nahe des Apartment und fu\u00dfl\u00e4ufig erreichbar. Sommer Schon direkt von der Unterkunft aus lassen sich Wanderungen zB zur Astenau-Alm, zum Ebner Joch oder zur Buchauer Alm starten. Ebenso sind der Radweg zum Achensee, der Inntalradweg und der Zillertalradweg vor der Haust\u00fcre. Auch etliche Mountainbike Touren k\u00f6nnen direkt ab der Unterkunft begonnen werden. Au\u00dferdem sind die Wandergebiete des Rofangebirges, des Karwendels und Zillertals in K\u00fcrze erreichbar.Zum Entspannen laden nahe gelegene Badeseen wie der Schlitterer Badesee oder der Reintaler See ein. Winter Durch die sehr gute Lage der Apartments sind auch im Winter zahlreiche Skigebiete wie zB die Spieljochbahn F\u00fcgen, Hochzillertal, Skijuwel Alpbachtal, die Rofanseilbahn usw. in unter 15 Autominuten erreichbar. Auch Rodelbahnen, Langlaufloipen und Winterwanderwege, sowie die Thermalb\u00e4der in F\u00fcgen und am Achensee sind in k\u00fcrzester Zeit erreichbar. &nbsp;Wenn das Wetter mal nicht mitspielt Auch bei Schlechtwetter wird Ihnen nicht langweilig: erkunden Sie das gr\u00f6\u00dfte Silberbergwerk des Mittelalters in Schwaz, sehen Sie sich Schloss Tratzberg an &#8211; eines der sch\u00f6nster Schl\u00f6sser im Alpenraum, besuchen Sie die Kristallwelten von Swarovski in Wattens, oder sehen Sie sich Innsbruck mit dem Goldenen Dachl oder die monumentale Festung in Kufstein an.<\/p>\n","protected":false},"author":1,"featured_media":0,"parent":0,"menu_order":0,"comment_status":"closed","ping_status":"closed","template":"","meta":{"footnotes":""},"class_list":["post-130","page","type-page","status-publish","hentry"],"_links":{"self":[{"href":"https:\/\/apartdahoam.at\/index.php?rest_route=\/wp\/v2\/pages\/130","targetHints":{"allow":["GET"]}}],"collection":[{"href":"https:\/\/apartdahoam.at\/index.php?rest_route=\/wp\/v2\/pages"}],"about":[{"href":"https:\/\/apartdahoam.at\/index.php?rest_route=\/wp\/v2\/types\/page"}],"author":[{"embeddable":true,"href":"https:\/\/apartdahoam.at\/index.php?rest_route=\/wp\/v2\/users\/1"}],"replies":[{"embeddable":true,"href":"https:\/\/apartdahoam.at\/index.php?rest_route=%2Fwp%2Fv2%2Fcomments&post=130"}],"version-history":[{"count":23,"href":"https:\/\/apartdahoam.at\/index.php?rest_route=\/wp\/v2\/pages\/130\/revisions"}],"predecessor-version":[{"id":878,"href":"https:\/\/apartdahoam.at\/index.php?rest_route=\/wp\/v2\/pages\/130\/revisions\/878"}],"wp:attachment":[{"href":"https:\/\/apartdahoam.at\/index.php?rest_route=%2Fwp%2Fv2%2Fmedia&parent=130"}],"curies":[{"name":"wp","href":"https:\/\/api.w.org\/{rel}","templated":true}]}}