{"id":122,"date":"2021-12-20T11:54:36","date_gmt":"2021-12-20T10:54:36","guid":{"rendered":"http:\/\/apartdahoam.at\/?page_id=122"},"modified":"2025-12-02T10:37:38","modified_gmt":"2025-12-02T08:37:38","slug":"ihre-gastgeber","status":"publish","type":"page","link":"https:\/\/apartdahoam.at\/?page_id=122","title":{"rendered":"Ihre Gastgeber"},"content":{"rendered":"\n<h2 class=\"wp-block-heading\">Herzlich Willkommen!<\/h2>\n\n\n\n<p>Wir, Christoph und Andreas Schwarz freuen uns, Sie als unseren Gast begr\u00fc\u00dfen zu d\u00fcrfen. Zusammen mit Nadine und Tanja stehen wir Ihnen jederzeit zur Verf\u00fcgung.<\/p>\n\n\n\n<p>Da wir selbst viel in den Bergen unterwegs sind k\u00f6nnen wir Ihnen auch Geheimtipps und tolle Routen empfehlen &#8211; egal ob im Sommer zum Wandern oder Radfahren, oder im Winter zum Skifahren oder Tourengehen. <br><\/p>\n\n\n\n<br class=\"\u201cclear\u201d\">\n\n\n\n<p><\/p>\n\n\n\n<div class=\"wp-block-columns is-layout-flex wp-container-core-columns-is-layout-9d6595d7 wp-block-columns-is-layout-flex\">\n<div class=\"wp-block-column is-layout-flow wp-block-column-is-layout-flow\">\n<figure class=\"wp-block-image size-large\"><img fetchpriority=\"high\" decoding=\"async\" width=\"1024\" height=\"770\" src=\"https:\/\/apartdahoam.at\/wp-content\/uploads\/2023\/10\/Christoph-und-Nadine2-1024x770.jpg\" alt=\"\" class=\"wp-image-620\" srcset=\"https:\/\/apartdahoam.at\/wp-content\/uploads\/2023\/10\/Christoph-und-Nadine2-1024x770.jpg 1024w, https:\/\/apartdahoam.at\/wp-content\/uploads\/2023\/10\/Christoph-und-Nadine2-300x225.jpg 300w, https:\/\/apartdahoam.at\/wp-content\/uploads\/2023\/10\/Christoph-und-Nadine2-768x577.jpg 768w, https:\/\/apartdahoam.at\/wp-content\/uploads\/2023\/10\/Christoph-und-Nadine2-1140x857.jpg 1140w, https:\/\/apartdahoam.at\/wp-content\/uploads\/2023\/10\/Christoph-und-Nadine2.jpg 1228w\" sizes=\"(max-width: 1024px) 100vw, 1024px\" \/><figcaption class=\"wp-element-caption\">Christoph und Nadine<\/figcaption><\/figure>\n<\/div>\n\n\n\n<div class=\"wp-block-column is-layout-flow wp-block-column-is-layout-flow\">\n<figure class=\"wp-block-image size-full\"><img decoding=\"async\" width=\"768\" height=\"576\" src=\"https:\/\/apartdahoam.at\/wp-content\/uploads\/2022\/04\/Andi-und-Tanja-zugeschnitten.jpg\" alt=\"\" class=\"wp-image-470\" srcset=\"https:\/\/apartdahoam.at\/wp-content\/uploads\/2022\/04\/Andi-und-Tanja-zugeschnitten.jpg 768w, https:\/\/apartdahoam.at\/wp-content\/uploads\/2022\/04\/Andi-und-Tanja-zugeschnitten-300x225.jpg 300w\" sizes=\"(max-width: 768px) 100vw, 768px\" \/><figcaption class=\"wp-element-caption\">Andreas und Tanja<\/figcaption><\/figure>\n<\/div>\n<\/div>\n","protected":false},"excerpt":{"rendered":"<p>Herzlich Willkommen! Wir, Christoph und Andreas Schwarz freuen uns, Sie als unseren Gast begr\u00fc\u00dfen zu d\u00fcrfen. Zusammen mit Nadine und Tanja stehen wir Ihnen jederzeit zur Verf\u00fcgung. Da wir selbst viel in den Bergen unterwegs sind k\u00f6nnen wir Ihnen auch Geheimtipps und tolle Routen empfehlen &#8211; egal ob im Sommer zum Wandern oder Radfahren, oder im Winter zum Skifahren oder Tourengehen.<\/p>\n","protected":false},"author":1,"featured_media":0,"parent":0,"menu_order":0,"comment_status":"closed","ping_status":"closed","template":"","meta":{"footnotes":""},"class_list":["post-122","page","type-page","status-publish","hentry"],"_links":{"self":[{"href":"https:\/\/apartdahoam.at\/index.php?rest_route=\/wp\/v2\/pages\/122","targetHints":{"allow":["GET"]}}],"collection":[{"href":"https:\/\/apartdahoam.at\/index.php?rest_route=\/wp\/v2\/pages"}],"about":[{"href":"https:\/\/apartdahoam.at\/index.php?rest_route=\/wp\/v2\/types\/page"}],"author":[{"embeddable":true,"href":"https:\/\/apartdahoam.at\/index.php?rest_route=\/wp\/v2\/users\/1"}],"replies":[{"embeddable":true,"href":"https:\/\/apartdahoam.at\/index.php?rest_route=%2Fwp%2Fv2%2Fcomments&post=122"}],"version-history":[{"count":7,"href":"https:\/\/apartdahoam.at\/index.php?rest_route=\/wp\/v2\/pages\/122\/revisions"}],"predecessor-version":[{"id":875,"href":"https:\/\/apartdahoam.at\/index.php?rest_route=\/wp\/v2\/pages\/122\/revisions\/875"}],"wp:attachment":[{"href":"https:\/\/apartdahoam.at\/index.php?rest_route=%2Fwp%2Fv2%2Fmedia&parent=122"}],"curies":[{"name":"wp","href":"https:\/\/api.w.org\/{rel}","templated":true}]}}